{"id":1064,"date":"2022-10-03T20:07:07","date_gmt":"2022-10-03T17:07:07","guid":{"rendered":"https:\/\/demo.horizonbiyokimya.com\/?page_id=1064"},"modified":"2022-10-03T21:36:18","modified_gmt":"2022-10-03T18:36:18","slug":"is-sagligi-ve-guvenligi-isg","status":"publish","type":"page","link":"https:\/\/horizonbiyokimya.com\/en\/is-sagligi-ve-guvenligi-isg\/","title":{"rendered":"Occupational Health and Safety (OHS)"},"content":{"rendered":"<div data-elementor-type=\"wp-page\" data-elementor-id=\"1064\" class=\"elementor elementor-1064\">\n\t\t\t\t\t\t\t\t\t<section class=\"elementor-section elementor-top-section elementor-element elementor-element-bcb2fde elementor-section-boxed elementor-section-height-default elementor-section-height-default\" data-id=\"bcb2fde\" data-element_type=\"section\">\n\t\t\t\t\t\t<div class=\"elementor-container elementor-column-gap-default\">\n\t\t\t\t\t<div class=\"elementor-column elementor-col-100 elementor-top-column elementor-element elementor-element-ec05d36\" data-id=\"ec05d36\" data-element_type=\"column\">\n\t\t\t<div class=\"elementor-widget-wrap elementor-element-populated\">\n\t\t\t\t\t\t\t\t<div class=\"elementor-element elementor-element-c4b5df2 elementor-widget elementor-widget-heading\" data-id=\"c4b5df2\" data-element_type=\"widget\" data-widget_type=\"heading.default\">\n\t\t\t\t<div class=\"elementor-widget-container\">\n\t\t\t<style>\/*! elementor - v3.6.6 - 08-06-2022 *\/\n.elementor-heading-title{padding:0;margin:0;line-height:1}.elementor-widget-heading .elementor-heading-title[class*=elementor-size-]>a{color:inherit;font-size:inherit;line-height:inherit}.elementor-widget-heading .elementor-heading-title.elementor-size-small{font-size:15px}.elementor-widget-heading .elementor-heading-title.elementor-size-medium{font-size:19px}.elementor-widget-heading .elementor-heading-title.elementor-size-large{font-size:29px}.elementor-widget-heading .elementor-heading-title.elementor-size-xl{font-size:39px}.elementor-widget-heading .elementor-heading-title.elementor-size-xxl{font-size:59px}<\/style><h2 class=\"elementor-heading-title elementor-size-default\">Occupational Health and Safety (OHS)<\/h2>\t\t<\/div>\n\t\t\t\t<\/div>\n\t\t\t\t<div class=\"elementor-element elementor-element-0768185 elementor-widget elementor-widget-text-editor\" data-id=\"0768185\" data-element_type=\"widget\" data-widget_type=\"text-editor.default\">\n\t\t\t\t<div class=\"elementor-widget-container\">\n\t\t\t<style>\/*! elementor - v3.6.6 - 08-06-2022 *\/\n.elementor-widget-text-editor.elementor-drop-cap-view-stacked .elementor-drop-cap{background-color:#818a91;color:#fff}.elementor-widget-text-editor.elementor-drop-cap-view-framed .elementor-drop-cap{color:#818a91;border:3px solid;background-color:transparent}.elementor-widget-text-editor:not(.elementor-drop-cap-view-default) .elementor-drop-cap{margin-top:8px}.elementor-widget-text-editor:not(.elementor-drop-cap-view-default) .elementor-drop-cap-letter{width:1em;height:1em}.elementor-widget-text-editor .elementor-drop-cap{float:left;text-align:center;line-height:1;font-size:50px}.elementor-widget-text-editor .elementor-drop-cap-letter{display:inline-block}<\/style>\t\t\t\tIn addition to production quality, it is the most important responsibility of every company to provide a safe and healthy working environment and to ensure its continuity.\t\t\t\t\t\t<\/div>\n\t\t\t\t<\/div>\n\t\t\t\t\t<\/div>\n\t\t<\/div>\n\t\t\t\t\t\t\t<\/div>\n\t\t<\/section>\n\t\t\t\t<section class=\"elementor-section elementor-top-section elementor-element elementor-element-710c696 elementor-section-boxed elementor-section-height-default elementor-section-height-default\" data-id=\"710c696\" data-element_type=\"section\">\n\t\t\t\t\t\t<div class=\"elementor-container elementor-column-gap-default\">\n\t\t\t\t\t<div class=\"elementor-column elementor-col-100 elementor-top-column elementor-element elementor-element-dc21ced\" data-id=\"dc21ced\" data-element_type=\"column\">\n\t\t\t<div class=\"elementor-widget-wrap elementor-element-populated\">\n\t\t\t\t\t\t\t\t<div class=\"elementor-element elementor-element-ed98608 elementor-widget elementor-widget-image\" data-id=\"ed98608\" data-element_type=\"widget\" data-widget_type=\"image.default\">\n\t\t\t\t<div class=\"elementor-widget-container\">\n\t\t\t<style>\/*! elementor - v3.6.6 - 08-06-2022 *\/\n.elementor-widget-image{text-align:center}.elementor-widget-image a{display:inline-block}.elementor-widget-image a img[src$=\".svg\"]{width:48px}.elementor-widget-image img{vertical-align:middle;display:inline-block}<\/style>\t\t\t\t\t\t\t\t\t\t\t\t<img decoding=\"async\" width=\"728\" height=\"475\" src=\"https:\/\/horizonbiyokimya.com\/wp-content\/uploads\/2022\/10\/WhatsApp-Image-2022-10-03-at-18.25.43.jpeg\" class=\"elementor-animation-grow attachment-large size-large\" alt=\"\" loading=\"lazy\" srcset=\"https:\/\/horizonbiyokimya.com\/wp-content\/uploads\/2022\/10\/WhatsApp-Image-2022-10-03-at-18.25.43.jpeg 728w, https:\/\/horizonbiyokimya.com\/wp-content\/uploads\/2022\/10\/WhatsApp-Image-2022-10-03-at-18.25.43-300x196.jpeg 300w, https:\/\/horizonbiyokimya.com\/wp-content\/uploads\/2022\/10\/WhatsApp-Image-2022-10-03-at-18.25.43-18x12.jpeg 18w\" sizes=\"(max-width: 728px) 100vw, 728px\" \/>\t\t\t\t\t\t\t\t\t\t\t\t\t\t\t<\/div>\n\t\t\t\t<\/div>\n\t\t\t\t\t<\/div>\n\t\t<\/div>\n\t\t\t\t\t\t\t<\/div>\n\t\t<\/section>\n\t\t\t\t<section class=\"elementor-section elementor-top-section elementor-element elementor-element-19fe2ea elementor-section-boxed elementor-section-height-default elementor-section-height-default\" data-id=\"19fe2ea\" data-element_type=\"section\">\n\t\t\t\t\t\t<div class=\"elementor-container elementor-column-gap-default\">\n\t\t\t\t\t<div class=\"elementor-column elementor-col-50 elementor-top-column elementor-element elementor-element-9025bc2\" data-id=\"9025bc2\" data-element_type=\"column\">\n\t\t\t<div class=\"elementor-widget-wrap elementor-element-populated\">\n\t\t\t\t\t\t\t\t<div class=\"elementor-element elementor-element-8c1d7af elementor-widget elementor-widget-text-editor\" data-id=\"8c1d7af\" data-element_type=\"widget\" data-widget_type=\"text-editor.default\">\n\t\t\t\t<div class=\"elementor-widget-container\">\n\t\t\t\t\t\t\t<p>Our production sites are regularly inspected by the OSH specialists provided by the OHS company we actively work with. These audit reports are carefully examined and followed. Within the scope of audits, company management and employees work in cooperation to identify and eliminate all kind of risk factors. As a corporate company, we raise awareness of each of our employees and audit them. We are aware that these targets can only be achieved through cooperation.<\/p>\t\t\t\t\t\t<\/div>\n\t\t\t\t<\/div>\n\t\t\t\t\t<\/div>\n\t\t<\/div>\n\t\t\t\t<div class=\"elementor-column elementor-col-50 elementor-top-column elementor-element elementor-element-78178b4\" data-id=\"78178b4\" data-element_type=\"column\">\n\t\t\t<div class=\"elementor-widget-wrap elementor-element-populated\">\n\t\t\t\t\t\t\t\t<div class=\"elementor-element elementor-element-349b5a9 elementor-widget elementor-widget-text-editor\" data-id=\"349b5a9\" data-element_type=\"widget\" data-widget_type=\"text-editor.default\">\n\t\t\t\t<div class=\"elementor-widget-container\">\n\t\t\t\t\t\t\t<p>As Horizon Biochemistry, we value our employees. That's why we encourage all our employees, from our workers to engineers, to become more qualified. We show our difference by providing all kinds of incentives and support our personnel who want to improve themselves, so we fulfill our responsibilities by benefiting both the society we live in and our team.<\/p>\t\t\t\t\t\t<\/div>\n\t\t\t\t<\/div>\n\t\t\t\t\t<\/div>\n\t\t<\/div>\n\t\t\t\t\t\t\t<\/div>\n\t\t<\/section>\n\t\t\t\t<section class=\"elementor-section elementor-top-section elementor-element elementor-element-be95f24 elementor-section-boxed elementor-section-height-default elementor-section-height-default\" data-id=\"be95f24\" data-element_type=\"section\">\n\t\t\t\t\t\t<div class=\"elementor-container elementor-column-gap-default\">\n\t\t\t\t\t<div class=\"elementor-column elementor-col-100 elementor-top-column elementor-element elementor-element-9ab02be\" data-id=\"9ab02be\" data-element_type=\"column\">\n\t\t\t<div class=\"elementor-widget-wrap elementor-element-populated\">\n\t\t\t\t\t\t\t\t<div class=\"elementor-element elementor-element-f9bb053 elementor-align-left elementor-icon-list--layout-traditional elementor-list-item-link-full_width elementor-widget elementor-widget-icon-list\" data-id=\"f9bb053\" data-element_type=\"widget\" data-widget_type=\"icon-list.default\">\n\t\t\t\t<div class=\"elementor-widget-container\">\n\t\t\t<link rel=\"stylesheet\" href=\"https:\/\/horizonbiyokimya.com\/wp-content\/plugins\/elementor\/assets\/css\/widget-icon-list.min.css\">\t\t<ul class=\"elementor-icon-list-items\">\n\t\t\t\t\t\t\t<li class=\"elementor-icon-list-item\">\n\t\t\t\t\t\t\t\t\t\t\t<span class=\"elementor-icon-list-icon\">\n\t\t\t\t\t\t\t<i aria-hidden=\"true\" class=\"fas fa-dot-circle\"><\/i>\t\t\t\t\t\t<\/span>\n\t\t\t\t\t\t\t\t\t\t<span class=\"elementor-icon-list-text\">Our employees have the right to see the workplace doctors in need.<\/span>\n\t\t\t\t\t\t\t\t\t<\/li>\n\t\t\t\t\t\t\t\t<li class=\"elementor-icon-list-item\">\n\t\t\t\t\t\t\t\t\t\t\t<span class=\"elementor-icon-list-icon\">\n\t\t\t\t\t\t\t<i aria-hidden=\"true\" class=\"fas fa-dot-circle\"><\/i>\t\t\t\t\t\t<\/span>\n\t\t\t\t\t\t\t\t\t\t<span class=\"elementor-icon-list-text\">We train our team to manage risk, identify, control and eliminate any possible hazards.<\/span>\n\t\t\t\t\t\t\t\t\t<\/li>\n\t\t\t\t\t\t<\/ul>\n\t\t\t\t<\/div>\n\t\t\t\t<\/div>\n\t\t\t\t\t<\/div>\n\t\t<\/div>\n\t\t\t\t\t\t\t<\/div>\n\t\t<\/section>\n\t\t\t\t\t\t\t<\/div>","protected":false},"excerpt":{"rendered":"<p>\u0130\u015f Sa\u011fl\u0131\u011f\u0131 ve G\u00fcvenli\u011fi (\u0130SG) \u00dcretim kalitesinin yan\u0131 s\u0131ra g\u00fcvenli ve sa\u011fl\u0131kl\u0131 bir \u00e7al\u0131\u015fma ortam\u0131 temin etmek ve bunun s\u00fcreklili\u011fini sa\u011flamak her firman\u0131n en \u00f6nemli sorumlulu\u011fudur. \u00dcretim tesislerimiz, aktif olarak \u00e7al\u0131\u015ft\u0131\u011f\u0131m\u0131z \u0130SG firmas\u0131n\u0131n sa\u011flad\u0131\u011f\u0131 A-B s\u0131n\u0131f\u0131 \u0130\u015f Sa\u011fl\u0131\u011f\u0131 ve G\u00fcvenli\u011fi uzmanlar\u0131 taraf\u0131ndan d\u00fczenli olarak denetlenmektedir. Bu denetim raporlar\u0131 \u00f6zenle incelenip takip edilmektedir. Denetimler kapsam\u0131nda her [&hellip;]<\/p>","protected":false},"author":1,"featured_media":0,"parent":0,"menu_order":0,"comment_status":"closed","ping_status":"closed","template":"","meta":[],"yoast_head":"<!-- This site is optimized with the Yoast SEO plugin v19.5.1 - https:\/\/yoast.com\/wordpress\/plugins\/seo\/ -->\n<title>\u0130\u015f Sa\u011fl\u0131\u011f\u0131 ve G\u00fcvenli\u011fi (\u0130SG) - Horizon Biyokimya<\/title>\n<meta name=\"robots\" content=\"index, follow, max-snippet:-1, max-image-preview:large, max-video-preview:-1\" \/>\n<link rel=\"canonical\" href=\"https:\/\/horizonbiyokimya.com\/en\/is-sagligi-ve-guvenligi-isg\/\" \/>\n<meta property=\"og:locale\" content=\"en_US\" \/>\n<meta property=\"og:type\" content=\"article\" \/>\n<meta property=\"og:title\" content=\"\u0130\u015f Sa\u011fl\u0131\u011f\u0131 ve G\u00fcvenli\u011fi (\u0130SG) - Horizon Biyokimya\" \/>\n<meta property=\"og:description\" content=\"\u0130\u015f Sa\u011fl\u0131\u011f\u0131 ve G\u00fcvenli\u011fi (\u0130SG) \u00dcretim kalitesinin yan\u0131 s\u0131ra g\u00fcvenli ve sa\u011fl\u0131kl\u0131 bir \u00e7al\u0131\u015fma ortam\u0131 temin etmek ve bunun s\u00fcreklili\u011fini sa\u011flamak her firman\u0131n en \u00f6nemli sorumlulu\u011fudur. \u00dcretim tesislerimiz, aktif olarak \u00e7al\u0131\u015ft\u0131\u011f\u0131m\u0131z \u0130SG firmas\u0131n\u0131n sa\u011flad\u0131\u011f\u0131 A-B s\u0131n\u0131f\u0131 \u0130\u015f Sa\u011fl\u0131\u011f\u0131 ve G\u00fcvenli\u011fi uzmanlar\u0131 taraf\u0131ndan d\u00fczenli olarak denetlenmektedir. Bu denetim raporlar\u0131 \u00f6zenle incelenip takip edilmektedir. Denetimler kapsam\u0131nda her [&hellip;]\" \/>\n<meta property=\"og:url\" content=\"https:\/\/horizonbiyokimya.com\/en\/is-sagligi-ve-guvenligi-isg\/\" \/>\n<meta property=\"og:site_name\" content=\"Horizon Biyokimya\" \/>\n<meta property=\"article:modified_time\" content=\"2022-10-03T18:36:18+00:00\" \/>\n<meta property=\"og:image\" content=\"https:\/\/horizonbiyokimya.com\/wp-content\/uploads\/2022\/10\/WhatsApp-Image-2022-10-03-at-18.25.43.jpeg\" \/>\n<meta name=\"twitter:card\" content=\"summary_large_image\" \/>\n<meta name=\"twitter:label1\" content=\"Est. reading time\" \/>\n\t<meta name=\"twitter:data1\" content=\"2 minutes\" \/>\n<script type=\"application\/ld+json\" class=\"yoast-schema-graph\">{\"@context\":\"https:\/\/schema.org\",\"@graph\":[{\"@type\":\"WebPage\",\"@id\":\"https:\/\/horizonbiyokimya.com\/is-sagligi-ve-guvenligi-isg\/\",\"url\":\"https:\/\/horizonbiyokimya.com\/is-sagligi-ve-guvenligi-isg\/\",\"name\":\"\u0130\u015f Sa\u011fl\u0131\u011f\u0131 ve G\u00fcvenli\u011fi (\u0130SG) - Horizon Biyokimya\",\"isPartOf\":{\"@id\":\"https:\/\/horizonbiyokimya.com\/#website\"},\"datePublished\":\"2022-10-03T17:07:07+00:00\",\"dateModified\":\"2022-10-03T18:36:18+00:00\",\"breadcrumb\":{\"@id\":\"https:\/\/horizonbiyokimya.com\/is-sagligi-ve-guvenligi-isg\/#breadcrumb\"},\"inLanguage\":\"en-US\",\"potentialAction\":[{\"@type\":\"ReadAction\",\"target\":[\"https:\/\/horizonbiyokimya.com\/is-sagligi-ve-guvenligi-isg\/\"]}]},{\"@type\":\"BreadcrumbList\",\"@id\":\"https:\/\/horizonbiyokimya.com\/is-sagligi-ve-guvenligi-isg\/#breadcrumb\",\"itemListElement\":[{\"@type\":\"ListItem\",\"position\":1,\"name\":\"Anasayfa\",\"item\":\"https:\/\/horizonbiyokimya.com\/\"},{\"@type\":\"ListItem\",\"position\":2,\"name\":\"\u0130\u015f Sa\u011fl\u0131\u011f\u0131 ve G\u00fcvenli\u011fi (\u0130SG)\"}]},{\"@type\":\"WebSite\",\"@id\":\"https:\/\/horizonbiyokimya.com\/#website\",\"url\":\"https:\/\/horizonbiyokimya.com\/\",\"name\":\"Horizon Biyokimya\",\"description\":\"Chemistry for Good\",\"publisher\":{\"@id\":\"https:\/\/horizonbiyokimya.com\/#organization\"},\"potentialAction\":[{\"@type\":\"SearchAction\",\"target\":{\"@type\":\"EntryPoint\",\"urlTemplate\":\"https:\/\/horizonbiyokimya.com\/?s={search_term_string}\"},\"query-input\":\"required name=search_term_string\"}],\"inLanguage\":\"en-US\"},{\"@type\":\"Organization\",\"@id\":\"https:\/\/horizonbiyokimya.com\/#organization\",\"name\":\"Horizon Biyokimya\",\"url\":\"https:\/\/horizonbiyokimya.com\/\",\"sameAs\":[],\"logo\":{\"@type\":\"ImageObject\",\"inLanguage\":\"en-US\",\"@id\":\"https:\/\/horizonbiyokimya.com\/#\/schema\/logo\/image\/\",\"url\":\"https:\/\/horizonbiyokimya.com\/wp-content\/uploads\/2022\/09\/horizon-biyokimya-logo.png\",\"contentUrl\":\"https:\/\/horizonbiyokimya.com\/wp-content\/uploads\/2022\/09\/horizon-biyokimya-logo.png\",\"width\":323,\"height\":150,\"caption\":\"Horizon Biyokimya\"},\"image\":{\"@id\":\"https:\/\/horizonbiyokimya.com\/#\/schema\/logo\/image\/\"}}]}<\/script>\n<!-- \/ Yoast SEO plugin. -->","yoast_head_json":{"title":"\u0130\u015f Sa\u011fl\u0131\u011f\u0131 ve G\u00fcvenli\u011fi (\u0130SG) - Horizon Biyokimya","robots":{"index":"index","follow":"follow","max-snippet":"max-snippet:-1","max-image-preview":"max-image-preview:large","max-video-preview":"max-video-preview:-1"},"canonical":"https:\/\/horizonbiyokimya.com\/en\/is-sagligi-ve-guvenligi-isg\/","og_locale":"en_US","og_type":"article","og_title":"\u0130\u015f Sa\u011fl\u0131\u011f\u0131 ve G\u00fcvenli\u011fi (\u0130SG) - Horizon Biyokimya","og_description":"\u0130\u015f Sa\u011fl\u0131\u011f\u0131 ve G\u00fcvenli\u011fi (\u0130SG) \u00dcretim kalitesinin yan\u0131 s\u0131ra g\u00fcvenli ve sa\u011fl\u0131kl\u0131 bir \u00e7al\u0131\u015fma ortam\u0131 temin etmek ve bunun s\u00fcreklili\u011fini sa\u011flamak her firman\u0131n en \u00f6nemli sorumlulu\u011fudur. \u00dcretim tesislerimiz, aktif olarak \u00e7al\u0131\u015ft\u0131\u011f\u0131m\u0131z \u0130SG firmas\u0131n\u0131n sa\u011flad\u0131\u011f\u0131 A-B s\u0131n\u0131f\u0131 \u0130\u015f Sa\u011fl\u0131\u011f\u0131 ve G\u00fcvenli\u011fi uzmanlar\u0131 taraf\u0131ndan d\u00fczenli olarak denetlenmektedir. Bu denetim raporlar\u0131 \u00f6zenle incelenip takip edilmektedir. Denetimler kapsam\u0131nda her [&hellip;]","og_url":"https:\/\/horizonbiyokimya.com\/en\/is-sagligi-ve-guvenligi-isg\/","og_site_name":"Horizon Biyokimya","article_modified_time":"2022-10-03T18:36:18+00:00","og_image":[{"url":"https:\/\/horizonbiyokimya.com\/wp-content\/uploads\/2022\/10\/WhatsApp-Image-2022-10-03-at-18.25.43.jpeg"}],"twitter_card":"summary_large_image","twitter_misc":{"Est. reading time":"2 minutes"},"schema":{"@context":"https:\/\/schema.org","@graph":[{"@type":"WebPage","@id":"https:\/\/horizonbiyokimya.com\/is-sagligi-ve-guvenligi-isg\/","url":"https:\/\/horizonbiyokimya.com\/is-sagligi-ve-guvenligi-isg\/","name":"\u0130\u015f Sa\u011fl\u0131\u011f\u0131 ve G\u00fcvenli\u011fi (\u0130SG) - Horizon Biyokimya","isPartOf":{"@id":"https:\/\/horizonbiyokimya.com\/#website"},"datePublished":"2022-10-03T17:07:07+00:00","dateModified":"2022-10-03T18:36:18+00:00","breadcrumb":{"@id":"https:\/\/horizonbiyokimya.com\/is-sagligi-ve-guvenligi-isg\/#breadcrumb"},"inLanguage":"en-US","potentialAction":[{"@type":"ReadAction","target":["https:\/\/horizonbiyokimya.com\/is-sagligi-ve-guvenligi-isg\/"]}]},{"@type":"BreadcrumbList","@id":"https:\/\/horizonbiyokimya.com\/is-sagligi-ve-guvenligi-isg\/#breadcrumb","itemListElement":[{"@type":"ListItem","position":1,"name":"Anasayfa","item":"https:\/\/horizonbiyokimya.com\/"},{"@type":"ListItem","position":2,"name":"\u0130\u015f Sa\u011fl\u0131\u011f\u0131 ve G\u00fcvenli\u011fi (\u0130SG)"}]},{"@type":"WebSite","@id":"https:\/\/horizonbiyokimya.com\/#website","url":"https:\/\/horizonbiyokimya.com\/","name":"Horizon Biyokimya","description":"Chemistry for Good","publisher":{"@id":"https:\/\/horizonbiyokimya.com\/#organization"},"potentialAction":[{"@type":"SearchAction","target":{"@type":"EntryPoint","urlTemplate":"https:\/\/horizonbiyokimya.com\/?s={search_term_string}"},"query-input":"required name=search_term_string"}],"inLanguage":"en-US"},{"@type":"Organization","@id":"https:\/\/horizonbiyokimya.com\/#organization","name":"Horizon Biyokimya","url":"https:\/\/horizonbiyokimya.com\/","sameAs":[],"logo":{"@type":"ImageObject","inLanguage":"en-US","@id":"https:\/\/horizonbiyokimya.com\/#\/schema\/logo\/image\/","url":"https:\/\/horizonbiyokimya.com\/wp-content\/uploads\/2022\/09\/horizon-biyokimya-logo.png","contentUrl":"https:\/\/horizonbiyokimya.com\/wp-content\/uploads\/2022\/09\/horizon-biyokimya-logo.png","width":323,"height":150,"caption":"Horizon Biyokimya"},"image":{"@id":"https:\/\/horizonbiyokimya.com\/#\/schema\/logo\/image\/"}}]}},"_links":{"self":[{"href":"https:\/\/horizonbiyokimya.com\/en\/wp-json\/wp\/v2\/pages\/1064"}],"collection":[{"href":"https:\/\/horizonbiyokimya.com\/en\/wp-json\/wp\/v2\/pages"}],"about":[{"href":"https:\/\/horizonbiyokimya.com\/en\/wp-json\/wp\/v2\/types\/page"}],"author":[{"embeddable":true,"href":"https:\/\/horizonbiyokimya.com\/en\/wp-json\/wp\/v2\/users\/1"}],"replies":[{"embeddable":true,"href":"https:\/\/horizonbiyokimya.com\/en\/wp-json\/wp\/v2\/comments?post=1064"}],"version-history":[{"count":10,"href":"https:\/\/horizonbiyokimya.com\/en\/wp-json\/wp\/v2\/pages\/1064\/revisions"}],"predecessor-version":[{"id":1131,"href":"https:\/\/horizonbiyokimya.com\/en\/wp-json\/wp\/v2\/pages\/1064\/revisions\/1131"}],"wp:attachment":[{"href":"https:\/\/horizonbiyokimya.com\/en\/wp-json\/wp\/v2\/media?parent=1064"}],"curies":[{"name":"wp","href":"https:\/\/api.w.org\/{rel}","templated":true}]}}