{"id":1074,"date":"2022-10-03T20:19:41","date_gmt":"2022-10-03T17:19:41","guid":{"rendered":"https:\/\/demo.horizonbiyokimya.com\/?page_id=1074"},"modified":"2022-10-03T21:37:34","modified_gmt":"2022-10-03T18:37:34","slug":"cevre-sagligi-ve-guvenligi","status":"publish","type":"page","link":"https:\/\/horizonbiyokimya.com\/en\/cevre-sagligi-ve-guvenligi\/","title":{"rendered":"Environmental Health and Safety (EHS)"},"content":{"rendered":"<div data-elementor-type=\"wp-page\" data-elementor-id=\"1074\" class=\"elementor elementor-1074\">\n\t\t\t\t\t\t\t\t\t<section class=\"elementor-section elementor-top-section elementor-element elementor-element-506c49d elementor-section-boxed elementor-section-height-default elementor-section-height-default\" data-id=\"506c49d\" data-element_type=\"section\">\n\t\t\t\t\t\t<div class=\"elementor-container elementor-column-gap-default\">\n\t\t\t\t\t<div class=\"elementor-column elementor-col-100 elementor-top-column elementor-element elementor-element-b2b450c\" data-id=\"b2b450c\" data-element_type=\"column\">\n\t\t\t<div class=\"elementor-widget-wrap elementor-element-populated\">\n\t\t\t\t\t\t\t\t<div class=\"elementor-element elementor-element-08e3ffd elementor-widget elementor-widget-heading\" data-id=\"08e3ffd\" data-element_type=\"widget\" data-widget_type=\"heading.default\">\n\t\t\t\t<div class=\"elementor-widget-container\">\n\t\t\t<style>\/*! elementor - v3.6.6 - 08-06-2022 *\/\n.elementor-heading-title{padding:0;margin:0;line-height:1}.elementor-widget-heading .elementor-heading-title[class*=elementor-size-]>a{color:inherit;font-size:inherit;line-height:inherit}.elementor-widget-heading .elementor-heading-title.elementor-size-small{font-size:15px}.elementor-widget-heading .elementor-heading-title.elementor-size-medium{font-size:19px}.elementor-widget-heading .elementor-heading-title.elementor-size-large{font-size:29px}.elementor-widget-heading .elementor-heading-title.elementor-size-xl{font-size:39px}.elementor-widget-heading .elementor-heading-title.elementor-size-xxl{font-size:59px}<\/style><h2 class=\"elementor-heading-title elementor-size-default\">Environmental Health and Safety (EHS)<\/h2>\t\t<\/div>\n\t\t\t\t<\/div>\n\t\t\t\t<div class=\"elementor-element elementor-element-320ad11 elementor-widget elementor-widget-text-editor\" data-id=\"320ad11\" data-element_type=\"widget\" data-widget_type=\"text-editor.default\">\n\t\t\t\t<div class=\"elementor-widget-container\">\n\t\t\t<style>\/*! elementor - v3.6.6 - 08-06-2022 *\/\n.elementor-widget-text-editor.elementor-drop-cap-view-stacked .elementor-drop-cap{background-color:#818a91;color:#fff}.elementor-widget-text-editor.elementor-drop-cap-view-framed .elementor-drop-cap{color:#818a91;border:3px solid;background-color:transparent}.elementor-widget-text-editor:not(.elementor-drop-cap-view-default) .elementor-drop-cap{margin-top:8px}.elementor-widget-text-editor:not(.elementor-drop-cap-view-default) .elementor-drop-cap-letter{width:1em;height:1em}.elementor-widget-text-editor .elementor-drop-cap{float:left;text-align:center;line-height:1;font-size:50px}.elementor-widget-text-editor .elementor-drop-cap-letter{display:inline-block}<\/style>\t\t\t\tWe believe that every step we take and will take in business life should be environmentally friendly. \t\t\t\t\t\t<\/div>\n\t\t\t\t<\/div>\n\t\t\t\t\t<\/div>\n\t\t<\/div>\n\t\t\t\t\t\t\t<\/div>\n\t\t<\/section>\n\t\t\t\t<section class=\"elementor-section elementor-top-section elementor-element elementor-element-dbe1cba elementor-section-boxed elementor-section-height-default elementor-section-height-default\" data-id=\"dbe1cba\" data-element_type=\"section\">\n\t\t\t\t\t\t<div class=\"elementor-container elementor-column-gap-default\">\n\t\t\t\t\t<div class=\"elementor-column elementor-col-100 elementor-top-column elementor-element elementor-element-2c944b9\" data-id=\"2c944b9\" data-element_type=\"column\">\n\t\t\t<div class=\"elementor-widget-wrap elementor-element-populated\">\n\t\t\t\t\t\t\t\t<div class=\"elementor-element elementor-element-33b3bf8 elementor-widget elementor-widget-image\" data-id=\"33b3bf8\" data-element_type=\"widget\" data-widget_type=\"image.default\">\n\t\t\t\t<div class=\"elementor-widget-container\">\n\t\t\t<style>\/*! elementor - v3.6.6 - 08-06-2022 *\/\n.elementor-widget-image{text-align:center}.elementor-widget-image a{display:inline-block}.elementor-widget-image a img[src$=\".svg\"]{width:48px}.elementor-widget-image img{vertical-align:middle;display:inline-block}<\/style>\t\t\t\t\t\t\t\t\t\t\t\t<img decoding=\"async\" width=\"800\" height=\"427\" src=\"https:\/\/horizonbiyokimya.com\/wp-content\/uploads\/2022\/10\/9044197386_202ee22268_k-1024x546.jpg\" class=\"elementor-animation-grow attachment-large size-large\" alt=\"\" loading=\"lazy\" srcset=\"https:\/\/horizonbiyokimya.com\/wp-content\/uploads\/2022\/10\/9044197386_202ee22268_k-1024x546.jpg 1024w, https:\/\/horizonbiyokimya.com\/wp-content\/uploads\/2022\/10\/9044197386_202ee22268_k-300x160.jpg 300w, https:\/\/horizonbiyokimya.com\/wp-content\/uploads\/2022\/10\/9044197386_202ee22268_k-768x409.jpg 768w, https:\/\/horizonbiyokimya.com\/wp-content\/uploads\/2022\/10\/9044197386_202ee22268_k-1536x818.jpg 1536w, https:\/\/horizonbiyokimya.com\/wp-content\/uploads\/2022\/10\/9044197386_202ee22268_k-18x10.jpg 18w, https:\/\/horizonbiyokimya.com\/wp-content\/uploads\/2022\/10\/9044197386_202ee22268_k.jpg 2048w\" sizes=\"(max-width: 800px) 100vw, 800px\" \/>\t\t\t\t\t\t\t\t\t\t\t\t\t\t\t<\/div>\n\t\t\t\t<\/div>\n\t\t\t\t\t<\/div>\n\t\t<\/div>\n\t\t\t\t\t\t\t<\/div>\n\t\t<\/section>\n\t\t\t\t<section class=\"elementor-section elementor-top-section elementor-element elementor-element-b1e4e6c elementor-section-boxed elementor-section-height-default elementor-section-height-default\" data-id=\"b1e4e6c\" data-element_type=\"section\">\n\t\t\t\t\t\t<div class=\"elementor-container elementor-column-gap-default\">\n\t\t\t\t\t<div class=\"elementor-column elementor-col-100 elementor-top-column elementor-element elementor-element-a825108\" data-id=\"a825108\" data-element_type=\"column\">\n\t\t\t<div class=\"elementor-widget-wrap elementor-element-populated\">\n\t\t\t\t\t\t\t\t<div class=\"elementor-element elementor-element-13400c6 elementor-widget elementor-widget-text-editor\" data-id=\"13400c6\" data-element_type=\"widget\" data-widget_type=\"text-editor.default\">\n\t\t\t\t<div class=\"elementor-widget-container\">\n\t\t\t\t\t\t\t<p>Thanks to the vegan nature of our products, we provide the highest quality service to people, nature and living things.<\/p><p>We also gladly fulfill our responsibilities towards the world we live in with our zero waste policy. Thanks to this policy, we do not release any harmful waste to nature in our production process. We produce our own energy with the solar energy panels we use in our production facilities.<\/p>\t\t\t\t\t\t<\/div>\n\t\t\t\t<\/div>\n\t\t\t\t\t<\/div>\n\t\t<\/div>\n\t\t\t\t\t\t\t<\/div>\n\t\t<\/section>\n\t\t\t\t\t\t\t<\/div>","protected":false},"excerpt":{"rendered":"<p>\u00c7evre Sa\u011fl\u0131\u011f\u0131 ve G\u00fcvenli\u011fi \u0130\u015f hayat\u0131nda att\u0131\u011f\u0131m\u0131z ve ataca\u011f\u0131m\u0131z her ad\u0131m\u0131n \u00e7evre dostu olmas\u0131 gerekti\u011fine inan\u0131yoruz. \u00dcr\u00fcnlerimizin vegan olmas\u0131 sayesinde hem insanlara hem de do\u011faya ve canl\u0131lara en kaliteli hizmeti sa\u011fl\u0131yoruz. S\u0131f\u0131r at\u0131k politikas\u0131 ile ya\u015fad\u0131\u011f\u0131m\u0131z d\u00fcnyaya kar\u015f\u0131 sorumluluklar\u0131m\u0131z\u0131 da severek yerine getirmekteyiz. Bu politikam\u0131z sayesinde \u00fcretim s\u00fcrecimizde do\u011faya hi\u00e7bir \u015fekilde zararl\u0131 at\u0131k salm\u0131yoruz. \u00dcretim [&hellip;]<\/p>","protected":false},"author":1,"featured_media":0,"parent":0,"menu_order":0,"comment_status":"closed","ping_status":"closed","template":"","meta":[],"yoast_head":"<!-- This site is optimized with the Yoast SEO plugin v19.5.1 - https:\/\/yoast.com\/wordpress\/plugins\/seo\/ -->\n<title>\u00c7evre Sa\u011fl\u0131\u011f\u0131 ve G\u00fcvenli\u011fi - Horizon Biyokimya<\/title>\n<meta name=\"robots\" content=\"index, follow, max-snippet:-1, max-image-preview:large, max-video-preview:-1\" \/>\n<link rel=\"canonical\" href=\"https:\/\/horizonbiyokimya.com\/en\/cevre-sagligi-ve-guvenligi\/\" \/>\n<meta property=\"og:locale\" content=\"en_US\" \/>\n<meta property=\"og:type\" content=\"article\" \/>\n<meta property=\"og:title\" content=\"\u00c7evre Sa\u011fl\u0131\u011f\u0131 ve G\u00fcvenli\u011fi - Horizon Biyokimya\" \/>\n<meta property=\"og:description\" content=\"\u00c7evre Sa\u011fl\u0131\u011f\u0131 ve G\u00fcvenli\u011fi \u0130\u015f hayat\u0131nda att\u0131\u011f\u0131m\u0131z ve ataca\u011f\u0131m\u0131z her ad\u0131m\u0131n \u00e7evre dostu olmas\u0131 gerekti\u011fine inan\u0131yoruz. \u00dcr\u00fcnlerimizin vegan olmas\u0131 sayesinde hem insanlara hem de do\u011faya ve canl\u0131lara en kaliteli hizmeti sa\u011fl\u0131yoruz. S\u0131f\u0131r at\u0131k politikas\u0131 ile ya\u015fad\u0131\u011f\u0131m\u0131z d\u00fcnyaya kar\u015f\u0131 sorumluluklar\u0131m\u0131z\u0131 da severek yerine getirmekteyiz. Bu politikam\u0131z sayesinde \u00fcretim s\u00fcrecimizde do\u011faya hi\u00e7bir \u015fekilde zararl\u0131 at\u0131k salm\u0131yoruz. \u00dcretim [&hellip;]\" \/>\n<meta property=\"og:url\" content=\"https:\/\/horizonbiyokimya.com\/en\/cevre-sagligi-ve-guvenligi\/\" \/>\n<meta property=\"og:site_name\" content=\"Horizon Biyokimya\" \/>\n<meta property=\"article:modified_time\" content=\"2022-10-03T18:37:34+00:00\" \/>\n<meta property=\"og:image\" content=\"https:\/\/horizonbiyokimya.com\/wp-content\/uploads\/2022\/10\/9044197386_202ee22268_k-1024x546.jpg\" \/>\n<meta name=\"twitter:card\" content=\"summary_large_image\" \/>\n<meta name=\"twitter:label1\" content=\"Est. reading time\" \/>\n\t<meta name=\"twitter:data1\" content=\"1 minute\" \/>\n<script type=\"application\/ld+json\" class=\"yoast-schema-graph\">{\"@context\":\"https:\/\/schema.org\",\"@graph\":[{\"@type\":\"WebPage\",\"@id\":\"https:\/\/horizonbiyokimya.com\/cevre-sagligi-ve-guvenligi\/\",\"url\":\"https:\/\/horizonbiyokimya.com\/cevre-sagligi-ve-guvenligi\/\",\"name\":\"\u00c7evre Sa\u011fl\u0131\u011f\u0131 ve G\u00fcvenli\u011fi - Horizon Biyokimya\",\"isPartOf\":{\"@id\":\"https:\/\/horizonbiyokimya.com\/#website\"},\"datePublished\":\"2022-10-03T17:19:41+00:00\",\"dateModified\":\"2022-10-03T18:37:34+00:00\",\"breadcrumb\":{\"@id\":\"https:\/\/horizonbiyokimya.com\/cevre-sagligi-ve-guvenligi\/#breadcrumb\"},\"inLanguage\":\"en-US\",\"potentialAction\":[{\"@type\":\"ReadAction\",\"target\":[\"https:\/\/horizonbiyokimya.com\/cevre-sagligi-ve-guvenligi\/\"]}]},{\"@type\":\"BreadcrumbList\",\"@id\":\"https:\/\/horizonbiyokimya.com\/cevre-sagligi-ve-guvenligi\/#breadcrumb\",\"itemListElement\":[{\"@type\":\"ListItem\",\"position\":1,\"name\":\"Anasayfa\",\"item\":\"https:\/\/horizonbiyokimya.com\/\"},{\"@type\":\"ListItem\",\"position\":2,\"name\":\"\u00c7evre Sa\u011fl\u0131\u011f\u0131 ve G\u00fcvenli\u011fi\"}]},{\"@type\":\"WebSite\",\"@id\":\"https:\/\/horizonbiyokimya.com\/#website\",\"url\":\"https:\/\/horizonbiyokimya.com\/\",\"name\":\"Horizon Biyokimya\",\"description\":\"Chemistry for Good\",\"publisher\":{\"@id\":\"https:\/\/horizonbiyokimya.com\/#organization\"},\"potentialAction\":[{\"@type\":\"SearchAction\",\"target\":{\"@type\":\"EntryPoint\",\"urlTemplate\":\"https:\/\/horizonbiyokimya.com\/?s={search_term_string}\"},\"query-input\":\"required name=search_term_string\"}],\"inLanguage\":\"en-US\"},{\"@type\":\"Organization\",\"@id\":\"https:\/\/horizonbiyokimya.com\/#organization\",\"name\":\"Horizon Biyokimya\",\"url\":\"https:\/\/horizonbiyokimya.com\/\",\"sameAs\":[],\"logo\":{\"@type\":\"ImageObject\",\"inLanguage\":\"en-US\",\"@id\":\"https:\/\/horizonbiyokimya.com\/#\/schema\/logo\/image\/\",\"url\":\"https:\/\/horizonbiyokimya.com\/wp-content\/uploads\/2022\/09\/horizon-biyokimya-logo.png\",\"contentUrl\":\"https:\/\/horizonbiyokimya.com\/wp-content\/uploads\/2022\/09\/horizon-biyokimya-logo.png\",\"width\":323,\"height\":150,\"caption\":\"Horizon Biyokimya\"},\"image\":{\"@id\":\"https:\/\/horizonbiyokimya.com\/#\/schema\/logo\/image\/\"}}]}<\/script>\n<!-- \/ Yoast SEO plugin. -->","yoast_head_json":{"title":"\u00c7evre Sa\u011fl\u0131\u011f\u0131 ve G\u00fcvenli\u011fi - Horizon Biyokimya","robots":{"index":"index","follow":"follow","max-snippet":"max-snippet:-1","max-image-preview":"max-image-preview:large","max-video-preview":"max-video-preview:-1"},"canonical":"https:\/\/horizonbiyokimya.com\/en\/cevre-sagligi-ve-guvenligi\/","og_locale":"en_US","og_type":"article","og_title":"\u00c7evre Sa\u011fl\u0131\u011f\u0131 ve G\u00fcvenli\u011fi - Horizon Biyokimya","og_description":"\u00c7evre Sa\u011fl\u0131\u011f\u0131 ve G\u00fcvenli\u011fi \u0130\u015f hayat\u0131nda att\u0131\u011f\u0131m\u0131z ve ataca\u011f\u0131m\u0131z her ad\u0131m\u0131n \u00e7evre dostu olmas\u0131 gerekti\u011fine inan\u0131yoruz. \u00dcr\u00fcnlerimizin vegan olmas\u0131 sayesinde hem insanlara hem de do\u011faya ve canl\u0131lara en kaliteli hizmeti sa\u011fl\u0131yoruz. S\u0131f\u0131r at\u0131k politikas\u0131 ile ya\u015fad\u0131\u011f\u0131m\u0131z d\u00fcnyaya kar\u015f\u0131 sorumluluklar\u0131m\u0131z\u0131 da severek yerine getirmekteyiz. Bu politikam\u0131z sayesinde \u00fcretim s\u00fcrecimizde do\u011faya hi\u00e7bir \u015fekilde zararl\u0131 at\u0131k salm\u0131yoruz. \u00dcretim [&hellip;]","og_url":"https:\/\/horizonbiyokimya.com\/en\/cevre-sagligi-ve-guvenligi\/","og_site_name":"Horizon Biyokimya","article_modified_time":"2022-10-03T18:37:34+00:00","og_image":[{"url":"https:\/\/horizonbiyokimya.com\/wp-content\/uploads\/2022\/10\/9044197386_202ee22268_k-1024x546.jpg"}],"twitter_card":"summary_large_image","twitter_misc":{"Est. reading time":"1 minute"},"schema":{"@context":"https:\/\/schema.org","@graph":[{"@type":"WebPage","@id":"https:\/\/horizonbiyokimya.com\/cevre-sagligi-ve-guvenligi\/","url":"https:\/\/horizonbiyokimya.com\/cevre-sagligi-ve-guvenligi\/","name":"\u00c7evre Sa\u011fl\u0131\u011f\u0131 ve G\u00fcvenli\u011fi - Horizon Biyokimya","isPartOf":{"@id":"https:\/\/horizonbiyokimya.com\/#website"},"datePublished":"2022-10-03T17:19:41+00:00","dateModified":"2022-10-03T18:37:34+00:00","breadcrumb":{"@id":"https:\/\/horizonbiyokimya.com\/cevre-sagligi-ve-guvenligi\/#breadcrumb"},"inLanguage":"en-US","potentialAction":[{"@type":"ReadAction","target":["https:\/\/horizonbiyokimya.com\/cevre-sagligi-ve-guvenligi\/"]}]},{"@type":"BreadcrumbList","@id":"https:\/\/horizonbiyokimya.com\/cevre-sagligi-ve-guvenligi\/#breadcrumb","itemListElement":[{"@type":"ListItem","position":1,"name":"Anasayfa","item":"https:\/\/horizonbiyokimya.com\/"},{"@type":"ListItem","position":2,"name":"\u00c7evre Sa\u011fl\u0131\u011f\u0131 ve G\u00fcvenli\u011fi"}]},{"@type":"WebSite","@id":"https:\/\/horizonbiyokimya.com\/#website","url":"https:\/\/horizonbiyokimya.com\/","name":"Horizon Biyokimya","description":"Chemistry for Good","publisher":{"@id":"https:\/\/horizonbiyokimya.com\/#organization"},"potentialAction":[{"@type":"SearchAction","target":{"@type":"EntryPoint","urlTemplate":"https:\/\/horizonbiyokimya.com\/?s={search_term_string}"},"query-input":"required name=search_term_string"}],"inLanguage":"en-US"},{"@type":"Organization","@id":"https:\/\/horizonbiyokimya.com\/#organization","name":"Horizon Biyokimya","url":"https:\/\/horizonbiyokimya.com\/","sameAs":[],"logo":{"@type":"ImageObject","inLanguage":"en-US","@id":"https:\/\/horizonbiyokimya.com\/#\/schema\/logo\/image\/","url":"https:\/\/horizonbiyokimya.com\/wp-content\/uploads\/2022\/09\/horizon-biyokimya-logo.png","contentUrl":"https:\/\/horizonbiyokimya.com\/wp-content\/uploads\/2022\/09\/horizon-biyokimya-logo.png","width":323,"height":150,"caption":"Horizon Biyokimya"},"image":{"@id":"https:\/\/horizonbiyokimya.com\/#\/schema\/logo\/image\/"}}]}},"_links":{"self":[{"href":"https:\/\/horizonbiyokimya.com\/en\/wp-json\/wp\/v2\/pages\/1074"}],"collection":[{"href":"https:\/\/horizonbiyokimya.com\/en\/wp-json\/wp\/v2\/pages"}],"about":[{"href":"https:\/\/horizonbiyokimya.com\/en\/wp-json\/wp\/v2\/types\/page"}],"author":[{"embeddable":true,"href":"https:\/\/horizonbiyokimya.com\/en\/wp-json\/wp\/v2\/users\/1"}],"replies":[{"embeddable":true,"href":"https:\/\/horizonbiyokimya.com\/en\/wp-json\/wp\/v2\/comments?post=1074"}],"version-history":[{"count":7,"href":"https:\/\/horizonbiyokimya.com\/en\/wp-json\/wp\/v2\/pages\/1074\/revisions"}],"predecessor-version":[{"id":1134,"href":"https:\/\/horizonbiyokimya.com\/en\/wp-json\/wp\/v2\/pages\/1074\/revisions\/1134"}],"wp:attachment":[{"href":"https:\/\/horizonbiyokimya.com\/en\/wp-json\/wp\/v2\/media?parent=1074"}],"curies":[{"name":"wp","href":"https:\/\/api.w.org\/{rel}","templated":true}]}}