{"id":196,"date":"2022-08-18T11:12:39","date_gmt":"2022-08-18T08:12:39","guid":{"rendered":"http:\/\/pluskim.eticra.com\/?page_id=196"},"modified":"2022-10-03T20:02:49","modified_gmt":"2022-10-03T17:02:49","slug":"cozumler","status":"publish","type":"page","link":"https:\/\/horizonbiyokimya.com\/en\/cozumler\/","title":{"rendered":"Solutions"},"content":{"rendered":"<div data-elementor-type=\"wp-page\" data-elementor-id=\"196\" class=\"elementor elementor-196\">\n\t\t\t\t\t\t\t\t\t<section class=\"elementor-section elementor-top-section elementor-element elementor-element-37d35a5 elementor-section-boxed elementor-section-height-default elementor-section-height-default\" data-id=\"37d35a5\" data-element_type=\"section\">\n\t\t\t\t\t\t<div class=\"elementor-container elementor-column-gap-default\">\n\t\t\t\t\t<div class=\"elementor-column elementor-col-100 elementor-top-column elementor-element elementor-element-d4399a2\" data-id=\"d4399a2\" data-element_type=\"column\">\n\t\t\t<div class=\"elementor-widget-wrap elementor-element-populated\">\n\t\t\t\t\t\t\t\t<div class=\"elementor-element elementor-element-8bff58d elementor-widget elementor-widget-heading\" data-id=\"8bff58d\" data-element_type=\"widget\" data-widget_type=\"heading.default\">\n\t\t\t\t<div class=\"elementor-widget-container\">\n\t\t\t<style>\/*! elementor - v3.6.6 - 08-06-2022 *\/\n.elementor-heading-title{padding:0;margin:0;line-height:1}.elementor-widget-heading .elementor-heading-title[class*=elementor-size-]>a{color:inherit;font-size:inherit;line-height:inherit}.elementor-widget-heading .elementor-heading-title.elementor-size-small{font-size:15px}.elementor-widget-heading .elementor-heading-title.elementor-size-medium{font-size:19px}.elementor-widget-heading .elementor-heading-title.elementor-size-large{font-size:29px}.elementor-widget-heading .elementor-heading-title.elementor-size-xl{font-size:39px}.elementor-widget-heading .elementor-heading-title.elementor-size-xxl{font-size:59px}<\/style><h2 class=\"elementor-heading-title elementor-size-default\">Solutions<\/h2>\t\t<\/div>\n\t\t\t\t<\/div>\n\t\t\t\t<div class=\"elementor-element elementor-element-8bb24fa elementor-widget elementor-widget-heading\" data-id=\"8bb24fa\" data-element_type=\"widget\" data-widget_type=\"heading.default\">\n\t\t\t\t<div class=\"elementor-widget-container\">\n\t\t\t<h2 class=\"elementor-heading-title elementor-size-default\">To be published soon with our innovative projects...<\/h2>\t\t<\/div>\n\t\t\t\t<\/div>\n\t\t\t\t\t<\/div>\n\t\t<\/div>\n\t\t\t\t\t\t\t<\/div>\n\t\t<\/section>\n\t\t\t\t\t\t\t<\/div>","protected":false},"excerpt":{"rendered":"<p>\u00c7\u00f6z\u00fcmler \u00c7ok yak\u0131nda inovatif projelerimizle yay\u0131nda&#8230;<\/p>","protected":false},"author":1,"featured_media":0,"parent":0,"menu_order":0,"comment_status":"closed","ping_status":"closed","template":"","meta":[],"yoast_head":"<!-- This site is optimized with the Yoast SEO plugin v19.5.1 - https:\/\/yoast.com\/wordpress\/plugins\/seo\/ -->\n<title>\u00c7\u00f6z\u00fcmler - Horizon Biyokimya<\/title>\n<meta name=\"robots\" content=\"index, follow, max-snippet:-1, max-image-preview:large, max-video-preview:-1\" \/>\n<link rel=\"canonical\" href=\"https:\/\/horizonbiyokimya.com\/en\/cozumler\/\" \/>\n<meta property=\"og:locale\" content=\"en_US\" \/>\n<meta property=\"og:type\" content=\"article\" \/>\n<meta property=\"og:title\" content=\"\u00c7\u00f6z\u00fcmler - Horizon Biyokimya\" \/>\n<meta property=\"og:description\" content=\"\u00c7\u00f6z\u00fcmler \u00c7ok yak\u0131nda inovatif projelerimizle yay\u0131nda&#8230;\" \/>\n<meta property=\"og:url\" content=\"https:\/\/horizonbiyokimya.com\/en\/cozumler\/\" \/>\n<meta property=\"og:site_name\" content=\"Horizon Biyokimya\" \/>\n<meta property=\"article:modified_time\" content=\"2022-10-03T17:02:49+00:00\" \/>\n<meta name=\"twitter:card\" content=\"summary_large_image\" \/>\n<meta name=\"twitter:label1\" content=\"Est. reading time\" \/>\n\t<meta name=\"twitter:data1\" content=\"1 minute\" \/>\n<script type=\"application\/ld+json\" class=\"yoast-schema-graph\">{\"@context\":\"https:\/\/schema.org\",\"@graph\":[{\"@type\":\"WebPage\",\"@id\":\"https:\/\/horizonbiyokimya.com\/cozumler\/\",\"url\":\"https:\/\/horizonbiyokimya.com\/cozumler\/\",\"name\":\"\u00c7\u00f6z\u00fcmler - Horizon Biyokimya\",\"isPartOf\":{\"@id\":\"https:\/\/horizonbiyokimya.com\/#website\"},\"datePublished\":\"2022-08-18T08:12:39+00:00\",\"dateModified\":\"2022-10-03T17:02:49+00:00\",\"breadcrumb\":{\"@id\":\"https:\/\/horizonbiyokimya.com\/cozumler\/#breadcrumb\"},\"inLanguage\":\"en-US\",\"potentialAction\":[{\"@type\":\"ReadAction\",\"target\":[\"https:\/\/horizonbiyokimya.com\/cozumler\/\"]}]},{\"@type\":\"BreadcrumbList\",\"@id\":\"https:\/\/horizonbiyokimya.com\/cozumler\/#breadcrumb\",\"itemListElement\":[{\"@type\":\"ListItem\",\"position\":1,\"name\":\"Anasayfa\",\"item\":\"https:\/\/horizonbiyokimya.com\/\"},{\"@type\":\"ListItem\",\"position\":2,\"name\":\"\u00c7\u00f6z\u00fcmler\"}]},{\"@type\":\"WebSite\",\"@id\":\"https:\/\/horizonbiyokimya.com\/#website\",\"url\":\"https:\/\/horizonbiyokimya.com\/\",\"name\":\"Horizon Biyokimya\",\"description\":\"Chemistry for Good\",\"publisher\":{\"@id\":\"https:\/\/horizonbiyokimya.com\/#organization\"},\"potentialAction\":[{\"@type\":\"SearchAction\",\"target\":{\"@type\":\"EntryPoint\",\"urlTemplate\":\"https:\/\/horizonbiyokimya.com\/?s={search_term_string}\"},\"query-input\":\"required name=search_term_string\"}],\"inLanguage\":\"en-US\"},{\"@type\":\"Organization\",\"@id\":\"https:\/\/horizonbiyokimya.com\/#organization\",\"name\":\"Horizon Biyokimya\",\"url\":\"https:\/\/horizonbiyokimya.com\/\",\"sameAs\":[],\"logo\":{\"@type\":\"ImageObject\",\"inLanguage\":\"en-US\",\"@id\":\"https:\/\/horizonbiyokimya.com\/#\/schema\/logo\/image\/\",\"url\":\"https:\/\/horizonbiyokimya.com\/wp-content\/uploads\/2022\/09\/horizon-biyokimya-logo.png\",\"contentUrl\":\"https:\/\/horizonbiyokimya.com\/wp-content\/uploads\/2022\/09\/horizon-biyokimya-logo.png\",\"width\":323,\"height\":150,\"caption\":\"Horizon Biyokimya\"},\"image\":{\"@id\":\"https:\/\/horizonbiyokimya.com\/#\/schema\/logo\/image\/\"}}]}<\/script>\n<!-- \/ Yoast SEO plugin. -->","yoast_head_json":{"title":"\u00c7\u00f6z\u00fcmler - Horizon Biyokimya","robots":{"index":"index","follow":"follow","max-snippet":"max-snippet:-1","max-image-preview":"max-image-preview:large","max-video-preview":"max-video-preview:-1"},"canonical":"https:\/\/horizonbiyokimya.com\/en\/cozumler\/","og_locale":"en_US","og_type":"article","og_title":"\u00c7\u00f6z\u00fcmler - Horizon Biyokimya","og_description":"\u00c7\u00f6z\u00fcmler \u00c7ok yak\u0131nda inovatif projelerimizle yay\u0131nda&#8230;","og_url":"https:\/\/horizonbiyokimya.com\/en\/cozumler\/","og_site_name":"Horizon Biyokimya","article_modified_time":"2022-10-03T17:02:49+00:00","twitter_card":"summary_large_image","twitter_misc":{"Est. reading time":"1 minute"},"schema":{"@context":"https:\/\/schema.org","@graph":[{"@type":"WebPage","@id":"https:\/\/horizonbiyokimya.com\/cozumler\/","url":"https:\/\/horizonbiyokimya.com\/cozumler\/","name":"\u00c7\u00f6z\u00fcmler - Horizon Biyokimya","isPartOf":{"@id":"https:\/\/horizonbiyokimya.com\/#website"},"datePublished":"2022-08-18T08:12:39+00:00","dateModified":"2022-10-03T17:02:49+00:00","breadcrumb":{"@id":"https:\/\/horizonbiyokimya.com\/cozumler\/#breadcrumb"},"inLanguage":"en-US","potentialAction":[{"@type":"ReadAction","target":["https:\/\/horizonbiyokimya.com\/cozumler\/"]}]},{"@type":"BreadcrumbList","@id":"https:\/\/horizonbiyokimya.com\/cozumler\/#breadcrumb","itemListElement":[{"@type":"ListItem","position":1,"name":"Anasayfa","item":"https:\/\/horizonbiyokimya.com\/"},{"@type":"ListItem","position":2,"name":"\u00c7\u00f6z\u00fcmler"}]},{"@type":"WebSite","@id":"https:\/\/horizonbiyokimya.com\/#website","url":"https:\/\/horizonbiyokimya.com\/","name":"Horizon Biyokimya","description":"Chemistry for Good","publisher":{"@id":"https:\/\/horizonbiyokimya.com\/#organization"},"potentialAction":[{"@type":"SearchAction","target":{"@type":"EntryPoint","urlTemplate":"https:\/\/horizonbiyokimya.com\/?s={search_term_string}"},"query-input":"required name=search_term_string"}],"inLanguage":"en-US"},{"@type":"Organization","@id":"https:\/\/horizonbiyokimya.com\/#organization","name":"Horizon Biyokimya","url":"https:\/\/horizonbiyokimya.com\/","sameAs":[],"logo":{"@type":"ImageObject","inLanguage":"en-US","@id":"https:\/\/horizonbiyokimya.com\/#\/schema\/logo\/image\/","url":"https:\/\/horizonbiyokimya.com\/wp-content\/uploads\/2022\/09\/horizon-biyokimya-logo.png","contentUrl":"https:\/\/horizonbiyokimya.com\/wp-content\/uploads\/2022\/09\/horizon-biyokimya-logo.png","width":323,"height":150,"caption":"Horizon Biyokimya"},"image":{"@id":"https:\/\/horizonbiyokimya.com\/#\/schema\/logo\/image\/"}}]}},"_links":{"self":[{"href":"https:\/\/horizonbiyokimya.com\/en\/wp-json\/wp\/v2\/pages\/196"}],"collection":[{"href":"https:\/\/horizonbiyokimya.com\/en\/wp-json\/wp\/v2\/pages"}],"about":[{"href":"https:\/\/horizonbiyokimya.com\/en\/wp-json\/wp\/v2\/types\/page"}],"author":[{"embeddable":true,"href":"https:\/\/horizonbiyokimya.com\/en\/wp-json\/wp\/v2\/users\/1"}],"replies":[{"embeddable":true,"href":"https:\/\/horizonbiyokimya.com\/en\/wp-json\/wp\/v2\/comments?post=196"}],"version-history":[{"count":35,"href":"https:\/\/horizonbiyokimya.com\/en\/wp-json\/wp\/v2\/pages\/196\/revisions"}],"predecessor-version":[{"id":1059,"href":"https:\/\/horizonbiyokimya.com\/en\/wp-json\/wp\/v2\/pages\/196\/revisions\/1059"}],"wp:attachment":[{"href":"https:\/\/horizonbiyokimya.com\/en\/wp-json\/wp\/v2\/media?parent=196"}],"curies":[{"name":"wp","href":"https:\/\/api.w.org\/{rel}","templated":true}]}}