{"id":372,"date":"2022-08-18T16:39:38","date_gmt":"2022-08-18T13:39:38","guid":{"rendered":"http:\/\/pluskim.eticra.com\/?page_id=372"},"modified":"2025-05-16T09:22:43","modified_gmt":"2025-05-16T06:22:43","slug":"urunler","status":"publish","type":"page","link":"https:\/\/horizonbiyokimya.com\/en\/urunler\/","title":{"rendered":"Products"},"content":{"rendered":"<div data-elementor-type=\"wp-page\" data-elementor-id=\"372\" class=\"elementor elementor-372\">\n\t\t\t\t\t\t\t\t\t<section class=\"elementor-section elementor-top-section elementor-element elementor-element-73e00cc elementor-section-boxed elementor-section-height-default elementor-section-height-default\" data-id=\"73e00cc\" data-element_type=\"section\">\n\t\t\t\t\t\t<div class=\"elementor-container elementor-column-gap-default\">\n\t\t\t\t\t<div class=\"elementor-column elementor-col-100 elementor-top-column elementor-element elementor-element-9580ad7\" data-id=\"9580ad7\" data-element_type=\"column\">\n\t\t\t<div class=\"elementor-widget-wrap elementor-element-populated\">\n\t\t\t\t\t\t\t\t<div class=\"elementor-element elementor-element-d49fc66 elementor-widget elementor-widget-heading\" data-id=\"d49fc66\" data-element_type=\"widget\" data-widget_type=\"heading.default\">\n\t\t\t\t<div class=\"elementor-widget-container\">\n\t\t\t<style>\/*! elementor - v3.6.6 - 08-06-2022 *\/\n.elementor-heading-title{padding:0;margin:0;line-height:1}.elementor-widget-heading .elementor-heading-title[class*=elementor-size-]>a{color:inherit;font-size:inherit;line-height:inherit}.elementor-widget-heading .elementor-heading-title.elementor-size-small{font-size:15px}.elementor-widget-heading .elementor-heading-title.elementor-size-medium{font-size:19px}.elementor-widget-heading .elementor-heading-title.elementor-size-large{font-size:29px}.elementor-widget-heading .elementor-heading-title.elementor-size-xl{font-size:39px}.elementor-widget-heading .elementor-heading-title.elementor-size-xxl{font-size:59px}<\/style><h2 class=\"elementor-heading-title elementor-size-default\">HOR\u0130ZON<\/h2>\t\t<\/div>\n\t\t\t\t<\/div>\n\t\t\t\t<div class=\"elementor-element elementor-element-269188c elementor-widget elementor-widget-heading\" data-id=\"269188c\" data-element_type=\"widget\" data-widget_type=\"heading.default\">\n\t\t\t\t<div class=\"elementor-widget-container\">\n\t\t\t<h2 class=\"elementor-heading-title elementor-size-default\">Horizon Biyokimya<\/h2>\t\t<\/div>\n\t\t\t\t<\/div>\n\t\t\t\t\t<\/div>\n\t\t<\/div>\n\t\t\t\t\t\t\t<\/div>\n\t\t<\/section>\n\t\t\t\t<section class=\"elementor-section elementor-top-section elementor-element elementor-element-2a96ff7 elementor-section-boxed elementor-section-height-default elementor-section-height-default\" data-id=\"2a96ff7\" data-element_type=\"section\">\n\t\t\t\t\t\t<div class=\"elementor-container elementor-column-gap-extended\">\n\t\t\t\t\t<div class=\"elementor-column elementor-col-33 elementor-top-column elementor-element elementor-element-b4151ef\" data-id=\"b4151ef\" data-element_type=\"column\">\n\t\t\t<div class=\"elementor-widget-wrap\">\n\t\t\t\t\t\t\t\t\t<\/div>\n\t\t<\/div>\n\t\t\t\t<div class=\"elementor-column elementor-col-33 elementor-top-column elementor-element elementor-element-45a6312\" data-id=\"45a6312\" data-element_type=\"column\">\n\t\t\t<div class=\"elementor-widget-wrap elementor-element-populated\">\n\t\t\t\t\t\t\t\t<div class=\"elementor-element elementor-element-d6e4f27 elementor-widget elementor-widget-image\" data-id=\"d6e4f27\" data-element_type=\"widget\" data-widget_type=\"image.default\">\n\t\t\t\t<div class=\"elementor-widget-container\">\n\t\t\t<style>\/*! elementor - v3.6.6 - 08-06-2022 *\/\n.elementor-widget-image{text-align:center}.elementor-widget-image a{display:inline-block}.elementor-widget-image a img[src$=\".svg\"]{width:48px}.elementor-widget-image img{vertical-align:middle;display:inline-block}<\/style>\t\t\t\t\t\t\t\t\t\t\t\t\t<a href=\"https:\/\/horizonbiyokimya.com\/en\/horizon-kalsiyum-butirat\/\">\n\t\t\t\t\t\t\t<img decoding=\"async\" src=\"https:\/\/horizonbiyokimya.com\/wp-content\/uploads\/elementor\/thumbs\/horizon-kalsiyum-biturat-r0ee7i1egwa5cfhuy7ymnkgbdwidzc1gtbr53zxzhg.jpg\" title=\"horizon-kalsiyum-biturat\" alt=\"horizon-kalsiyum-biturat\" class=\"elementor-animation-shrink\" \/>\t\t\t\t\t\t\t\t<\/a>\n\t\t\t\t\t\t\t\t\t\t\t\t\t\t\t<\/div>\n\t\t\t\t<\/div>\n\t\t\t\t<section class=\"elementor-section elementor-inner-section elementor-element elementor-element-9275cc0 elementor-section-boxed elementor-section-height-default elementor-section-height-default\" data-id=\"9275cc0\" data-element_type=\"section\">\n\t\t\t\t\t\t<div class=\"elementor-container elementor-column-gap-default\">\n\t\t\t\t\t<div class=\"elementor-column elementor-col-50 elementor-inner-column elementor-element elementor-element-06de5e8\" data-id=\"06de5e8\" data-element_type=\"column\">\n\t\t\t<div class=\"elementor-widget-wrap elementor-element-populated\">\n\t\t\t\t\t\t\t\t<div class=\"elementor-element elementor-element-6b4123f elementor-widget elementor-widget-heading\" data-id=\"6b4123f\" data-element_type=\"widget\" data-widget_type=\"heading.default\">\n\t\t\t\t<div class=\"elementor-widget-container\">\n\t\t\t<h2 class=\"elementor-heading-title elementor-size-default\"><a href=\"https:\/\/horizonbiyokimya.com\/en\/horizon-kalsiyum-butirat\/\">Horizon Kalsiyum B\u00fctirat<\/a><\/h2>\t\t<\/div>\n\t\t\t\t<\/div>\n\t\t\t\t\t<\/div>\n\t\t<\/div>\n\t\t\t\t<div class=\"elementor-column elementor-col-50 elementor-inner-column elementor-element elementor-element-99993de\" data-id=\"99993de\" data-element_type=\"column\">\n\t\t\t<div class=\"elementor-widget-wrap elementor-element-populated\">\n\t\t\t\t\t\t\t\t<div class=\"elementor-element elementor-element-86a79ae elementor-view-default elementor-widget elementor-widget-icon\" data-id=\"86a79ae\" data-element_type=\"widget\" data-widget_type=\"icon.default\">\n\t\t\t\t<div class=\"elementor-widget-container\">\n\t\t\t\t\t<div class=\"elementor-icon-wrapper\">\n\t\t\t<a class=\"elementor-icon\" href=\"https:\/\/horizonbiyokimya.com\/en\/horizon-kalsiyum-butirat\/\">\n\t\t\t<i aria-hidden=\"true\" class=\"fas fa-chevron-circle-right\"><\/i>\t\t\t<\/a>\n\t\t<\/div>\n\t\t\t\t<\/div>\n\t\t\t\t<\/div>\n\t\t\t\t\t<\/div>\n\t\t<\/div>\n\t\t\t\t\t\t\t<\/div>\n\t\t<\/section>\n\t\t\t\t\t<\/div>\n\t\t<\/div>\n\t\t\t\t<div class=\"elementor-column elementor-col-33 elementor-top-column elementor-element elementor-element-84a5e22\" data-id=\"84a5e22\" data-element_type=\"column\">\n\t\t\t<div class=\"elementor-widget-wrap\">\n\t\t\t\t\t\t\t\t\t<\/div>\n\t\t<\/div>\n\t\t\t\t\t\t\t<\/div>\n\t\t<\/section>\n\t\t\t\t\t\t\t<\/div>","protected":false},"excerpt":{"rendered":"<p>HOR\u0130ZON Horizon Biyokimya Horizon Kalsiyum B\u00fctirat<\/p>","protected":false},"author":1,"featured_media":0,"parent":0,"menu_order":0,"comment_status":"closed","ping_status":"closed","template":"","meta":[],"yoast_head":"<!-- This site is optimized with the Yoast SEO plugin v19.5.1 - https:\/\/yoast.com\/wordpress\/plugins\/seo\/ -->\n<title>\u00dcr\u00fcnler - Horizon Biyokimya<\/title>\n<meta name=\"robots\" content=\"index, follow, max-snippet:-1, max-image-preview:large, max-video-preview:-1\" \/>\n<link rel=\"canonical\" href=\"https:\/\/horizonbiyokimya.com\/en\/urunler\/\" \/>\n<meta property=\"og:locale\" content=\"en_US\" \/>\n<meta property=\"og:type\" content=\"article\" \/>\n<meta property=\"og:title\" content=\"\u00dcr\u00fcnler - Horizon Biyokimya\" \/>\n<meta property=\"og:description\" content=\"HOR\u0130ZON Horizon Biyokimya Horizon Kalsiyum B\u00fctirat\" \/>\n<meta property=\"og:url\" content=\"https:\/\/horizonbiyokimya.com\/en\/urunler\/\" \/>\n<meta property=\"og:site_name\" content=\"Horizon Biyokimya\" \/>\n<meta property=\"article:modified_time\" content=\"2025-05-16T06:22:43+00:00\" \/>\n<meta property=\"og:image\" content=\"https:\/\/horizonbiyokimya.com\/wp-content\/uploads\/elementor\/thumbs\/horizon-kalsiyum-biturat-r0ee7i1egwa5cfhuy7ymnkgbdwidzc1gtbr53zxzhg.jpg\" \/>\n<meta name=\"twitter:card\" content=\"summary_large_image\" \/>\n<meta name=\"twitter:label1\" content=\"Est. reading time\" \/>\n\t<meta name=\"twitter:data1\" content=\"1 minute\" \/>\n<script type=\"application\/ld+json\" class=\"yoast-schema-graph\">{\"@context\":\"https:\/\/schema.org\",\"@graph\":[{\"@type\":\"WebPage\",\"@id\":\"https:\/\/horizonbiyokimya.com\/urunler\/\",\"url\":\"https:\/\/horizonbiyokimya.com\/urunler\/\",\"name\":\"\u00dcr\u00fcnler - Horizon Biyokimya\",\"isPartOf\":{\"@id\":\"https:\/\/horizonbiyokimya.com\/#website\"},\"datePublished\":\"2022-08-18T13:39:38+00:00\",\"dateModified\":\"2025-05-16T06:22:43+00:00\",\"breadcrumb\":{\"@id\":\"https:\/\/horizonbiyokimya.com\/urunler\/#breadcrumb\"},\"inLanguage\":\"en-US\",\"potentialAction\":[{\"@type\":\"ReadAction\",\"target\":[\"https:\/\/horizonbiyokimya.com\/urunler\/\"]}]},{\"@type\":\"BreadcrumbList\",\"@id\":\"https:\/\/horizonbiyokimya.com\/urunler\/#breadcrumb\",\"itemListElement\":[{\"@type\":\"ListItem\",\"position\":1,\"name\":\"Anasayfa\",\"item\":\"https:\/\/horizonbiyokimya.com\/\"},{\"@type\":\"ListItem\",\"position\":2,\"name\":\"\u00dcr\u00fcnler\"}]},{\"@type\":\"WebSite\",\"@id\":\"https:\/\/horizonbiyokimya.com\/#website\",\"url\":\"https:\/\/horizonbiyokimya.com\/\",\"name\":\"Horizon Biyokimya\",\"description\":\"Chemistry for Good\",\"publisher\":{\"@id\":\"https:\/\/horizonbiyokimya.com\/#organization\"},\"potentialAction\":[{\"@type\":\"SearchAction\",\"target\":{\"@type\":\"EntryPoint\",\"urlTemplate\":\"https:\/\/horizonbiyokimya.com\/?s={search_term_string}\"},\"query-input\":\"required name=search_term_string\"}],\"inLanguage\":\"en-US\"},{\"@type\":\"Organization\",\"@id\":\"https:\/\/horizonbiyokimya.com\/#organization\",\"name\":\"Horizon Biyokimya\",\"url\":\"https:\/\/horizonbiyokimya.com\/\",\"sameAs\":[],\"logo\":{\"@type\":\"ImageObject\",\"inLanguage\":\"en-US\",\"@id\":\"https:\/\/horizonbiyokimya.com\/#\/schema\/logo\/image\/\",\"url\":\"https:\/\/horizonbiyokimya.com\/wp-content\/uploads\/2022\/09\/horizon-biyokimya-logo.png\",\"contentUrl\":\"https:\/\/horizonbiyokimya.com\/wp-content\/uploads\/2022\/09\/horizon-biyokimya-logo.png\",\"width\":323,\"height\":150,\"caption\":\"Horizon Biyokimya\"},\"image\":{\"@id\":\"https:\/\/horizonbiyokimya.com\/#\/schema\/logo\/image\/\"}}]}<\/script>\n<!-- \/ Yoast SEO plugin. -->","yoast_head_json":{"title":"\u00dcr\u00fcnler - Horizon Biyokimya","robots":{"index":"index","follow":"follow","max-snippet":"max-snippet:-1","max-image-preview":"max-image-preview:large","max-video-preview":"max-video-preview:-1"},"canonical":"https:\/\/horizonbiyokimya.com\/en\/urunler\/","og_locale":"en_US","og_type":"article","og_title":"\u00dcr\u00fcnler - Horizon Biyokimya","og_description":"HOR\u0130ZON Horizon Biyokimya Horizon Kalsiyum B\u00fctirat","og_url":"https:\/\/horizonbiyokimya.com\/en\/urunler\/","og_site_name":"Horizon Biyokimya","article_modified_time":"2025-05-16T06:22:43+00:00","og_image":[{"url":"https:\/\/horizonbiyokimya.com\/wp-content\/uploads\/elementor\/thumbs\/horizon-kalsiyum-biturat-r0ee7i1egwa5cfhuy7ymnkgbdwidzc1gtbr53zxzhg.jpg"}],"twitter_card":"summary_large_image","twitter_misc":{"Est. reading time":"1 minute"},"schema":{"@context":"https:\/\/schema.org","@graph":[{"@type":"WebPage","@id":"https:\/\/horizonbiyokimya.com\/urunler\/","url":"https:\/\/horizonbiyokimya.com\/urunler\/","name":"\u00dcr\u00fcnler - Horizon Biyokimya","isPartOf":{"@id":"https:\/\/horizonbiyokimya.com\/#website"},"datePublished":"2022-08-18T13:39:38+00:00","dateModified":"2025-05-16T06:22:43+00:00","breadcrumb":{"@id":"https:\/\/horizonbiyokimya.com\/urunler\/#breadcrumb"},"inLanguage":"en-US","potentialAction":[{"@type":"ReadAction","target":["https:\/\/horizonbiyokimya.com\/urunler\/"]}]},{"@type":"BreadcrumbList","@id":"https:\/\/horizonbiyokimya.com\/urunler\/#breadcrumb","itemListElement":[{"@type":"ListItem","position":1,"name":"Anasayfa","item":"https:\/\/horizonbiyokimya.com\/"},{"@type":"ListItem","position":2,"name":"\u00dcr\u00fcnler"}]},{"@type":"WebSite","@id":"https:\/\/horizonbiyokimya.com\/#website","url":"https:\/\/horizonbiyokimya.com\/","name":"Horizon Biyokimya","description":"Chemistry for Good","publisher":{"@id":"https:\/\/horizonbiyokimya.com\/#organization"},"potentialAction":[{"@type":"SearchAction","target":{"@type":"EntryPoint","urlTemplate":"https:\/\/horizonbiyokimya.com\/?s={search_term_string}"},"query-input":"required name=search_term_string"}],"inLanguage":"en-US"},{"@type":"Organization","@id":"https:\/\/horizonbiyokimya.com\/#organization","name":"Horizon Biyokimya","url":"https:\/\/horizonbiyokimya.com\/","sameAs":[],"logo":{"@type":"ImageObject","inLanguage":"en-US","@id":"https:\/\/horizonbiyokimya.com\/#\/schema\/logo\/image\/","url":"https:\/\/horizonbiyokimya.com\/wp-content\/uploads\/2022\/09\/horizon-biyokimya-logo.png","contentUrl":"https:\/\/horizonbiyokimya.com\/wp-content\/uploads\/2022\/09\/horizon-biyokimya-logo.png","width":323,"height":150,"caption":"Horizon Biyokimya"},"image":{"@id":"https:\/\/horizonbiyokimya.com\/#\/schema\/logo\/image\/"}}]}},"_links":{"self":[{"href":"https:\/\/horizonbiyokimya.com\/en\/wp-json\/wp\/v2\/pages\/372"}],"collection":[{"href":"https:\/\/horizonbiyokimya.com\/en\/wp-json\/wp\/v2\/pages"}],"about":[{"href":"https:\/\/horizonbiyokimya.com\/en\/wp-json\/wp\/v2\/types\/page"}],"author":[{"embeddable":true,"href":"https:\/\/horizonbiyokimya.com\/en\/wp-json\/wp\/v2\/users\/1"}],"replies":[{"embeddable":true,"href":"https:\/\/horizonbiyokimya.com\/en\/wp-json\/wp\/v2\/comments?post=372"}],"version-history":[{"count":37,"href":"https:\/\/horizonbiyokimya.com\/en\/wp-json\/wp\/v2\/pages\/372\/revisions"}],"predecessor-version":[{"id":1344,"href":"https:\/\/horizonbiyokimya.com\/en\/wp-json\/wp\/v2\/pages\/372\/revisions\/1344"}],"wp:attachment":[{"href":"https:\/\/horizonbiyokimya.com\/en\/wp-json\/wp\/v2\/media?parent=372"}],"curies":[{"name":"wp","href":"https:\/\/api.w.org\/{rel}","templated":true}]}}