{"id":403,"date":"2022-08-18T17:04:56","date_gmt":"2022-08-18T14:04:56","guid":{"rendered":"http:\/\/pluskim.eticra.com\/?page_id=403"},"modified":"2022-09-30T18:02:24","modified_gmt":"2022-09-30T15:02:24","slug":"neden-biz","status":"publish","type":"page","link":"https:\/\/horizonbiyokimya.com\/en\/neden-biz\/","title":{"rendered":"Neden Biz?"},"content":{"rendered":"<div data-elementor-type=\"wp-page\" data-elementor-id=\"403\" class=\"elementor elementor-403\">\n\t\t\t\t\t\t\t\t\t<section class=\"elementor-section elementor-top-section elementor-element elementor-element-df88c9b elementor-section-boxed elementor-section-height-default elementor-section-height-default\" data-id=\"df88c9b\" data-element_type=\"section\">\n\t\t\t\t\t\t<div class=\"elementor-container elementor-column-gap-default\">\n\t\t\t\t\t<div class=\"elementor-column elementor-col-66 elementor-top-column elementor-element elementor-element-28d5b4c elementor-invisible\" data-id=\"28d5b4c\" data-element_type=\"column\" data-settings=\"{&quot;animation&quot;:&quot;fadeIn&quot;}\">\n\t\t\t<div class=\"elementor-widget-wrap elementor-element-populated\">\n\t\t\t\t\t\t\t\t<div class=\"elementor-element elementor-element-af25038 elementor-widget elementor-widget-heading\" data-id=\"af25038\" data-element_type=\"widget\" data-widget_type=\"heading.default\">\n\t\t\t\t<div class=\"elementor-widget-container\">\n\t\t\t<style>\/*! elementor - v3.6.6 - 08-06-2022 *\/\n.elementor-heading-title{padding:0;margin:0;line-height:1}.elementor-widget-heading .elementor-heading-title[class*=elementor-size-]>a{color:inherit;font-size:inherit;line-height:inherit}.elementor-widget-heading .elementor-heading-title.elementor-size-small{font-size:15px}.elementor-widget-heading .elementor-heading-title.elementor-size-medium{font-size:19px}.elementor-widget-heading .elementor-heading-title.elementor-size-large{font-size:29px}.elementor-widget-heading .elementor-heading-title.elementor-size-xl{font-size:39px}.elementor-widget-heading .elementor-heading-title.elementor-size-xxl{font-size:59px}<\/style><h2 class=\"elementor-heading-title elementor-size-default\">Horizon Biyokimya<\/h2>\t\t<\/div>\n\t\t\t\t<\/div>\n\t\t\t\t<div class=\"elementor-element elementor-element-710ffde elementor-widget elementor-widget-heading\" data-id=\"710ffde\" data-element_type=\"widget\" data-widget_type=\"heading.default\">\n\t\t\t\t<div class=\"elementor-widget-container\">\n\t\t\t<h2 class=\"elementor-heading-title elementor-size-default\">Environmental Health and Safety (EHS)<\/h2>\t\t<\/div>\n\t\t\t\t<\/div>\n\t\t\t\t<div class=\"elementor-element elementor-element-56a7230 elementor-widget elementor-widget-heading\" data-id=\"56a7230\" data-element_type=\"widget\" data-widget_type=\"heading.default\">\n\t\t\t\t<div class=\"elementor-widget-container\">\n\t\t\t<h2 class=\"elementor-heading-title elementor-size-default\">SIFIR ATIK POL\u0130T\u0130KASI \u0130LE \u00c7ALI\u015eIYOR, D\u00dcNYAYA KAR\u015eI SORUMLULUKLARIMIZI YER\u0130NE GET\u0130R\u0130YORUZ.<\/h2>\t\t<\/div>\n\t\t\t\t<\/div>\n\t\t\t\t<div class=\"elementor-element elementor-element-6944a36 elementor-widget elementor-widget-text-editor\" data-id=\"6944a36\" data-element_type=\"widget\" data-widget_type=\"text-editor.default\">\n\t\t\t\t<div class=\"elementor-widget-container\">\n\t\t\t<style>\/*! elementor - v3.6.6 - 08-06-2022 *\/\n.elementor-widget-text-editor.elementor-drop-cap-view-stacked .elementor-drop-cap{background-color:#818a91;color:#fff}.elementor-widget-text-editor.elementor-drop-cap-view-framed .elementor-drop-cap{color:#818a91;border:3px solid;background-color:transparent}.elementor-widget-text-editor:not(.elementor-drop-cap-view-default) .elementor-drop-cap{margin-top:8px}.elementor-widget-text-editor:not(.elementor-drop-cap-view-default) .elementor-drop-cap-letter{width:1em;height:1em}.elementor-widget-text-editor .elementor-drop-cap{float:left;text-align:center;line-height:1;font-size:50px}.elementor-widget-text-editor .elementor-drop-cap-letter{display:inline-block}<\/style>\t\t\t\t<p>We also gladly fulfill our responsibilities towards the world we live in with our zero waste policy. Thanks to this policy, we do not release any harmful waste to nature in our production process. We produce our own energy with the solar energy panels we use in our production facilities.<\/p><p>\u00dcr\u00fcnlerimizin vegan olmas\u0131 sayesinde hem insanlara hem de do\u011faya ve canl\u0131lara en kaliteli hizmeti sa\u011fl\u0131yoruz.\u00a0 \u0130\u015f hayat\u0131nda att\u0131\u011f\u0131m\u0131z ve ataca\u011f\u0131m\u0131z her ad\u0131m\u0131n \u00e7evre dostu olmas\u0131 gerekti\u011fine inan\u0131yoruz.<\/p>\t\t\t\t\t\t<\/div>\n\t\t\t\t<\/div>\n\t\t\t\t<div class=\"elementor-element elementor-element-ba2fecf elementor-invisible elementor-widget elementor-widget-button\" data-id=\"ba2fecf\" data-element_type=\"widget\" data-settings=\"{&quot;_animation&quot;:&quot;fadeInUp&quot;}\" data-widget_type=\"button.default\">\n\t\t\t\t<div class=\"elementor-widget-container\">\n\t\t\t\t\t<div class=\"elementor-button-wrapper\">\n\t\t\t<a href=\"https:\/\/horizonbiyokimya.com\/en\/cozumler\/\" class=\"elementor-button-link elementor-button elementor-size-sm\" role=\"button\">\n\t\t\t\t\t\t<span class=\"elementor-button-content-wrapper\">\n\t\t\t\t\t\t<span class=\"elementor-button-text\">Kalite Politikas\u0131<\/span>\n\t\t<\/span>\n\t\t\t\t\t<\/a>\n\t\t<\/div>\n\t\t\t\t<\/div>\n\t\t\t\t<\/div>\n\t\t\t\t\t<\/div>\n\t\t<\/div>\n\t\t\t\t<div class=\"elementor-column elementor-col-33 elementor-top-column elementor-element elementor-element-0e641d8\" data-id=\"0e641d8\" data-element_type=\"column\" data-settings=\"{&quot;background_background&quot;:&quot;classic&quot;}\">\n\t\t\t<div class=\"elementor-widget-wrap elementor-element-populated\">\n\t\t\t\t\t\t\t\t<div class=\"elementor-element elementor-element-45cd5d2 elementor-invisible elementor-widget elementor-widget-image\" data-id=\"45cd5d2\" data-element_type=\"widget\" data-settings=\"{&quot;_animation&quot;:&quot;fadeInLeft&quot;}\" data-widget_type=\"image.default\">\n\t\t\t\t<div class=\"elementor-widget-container\">\n\t\t\t<style>\/*! elementor - v3.6.6 - 08-06-2022 *\/\n.elementor-widget-image{text-align:center}.elementor-widget-image a{display:inline-block}.elementor-widget-image a img[src$=\".svg\"]{width:48px}.elementor-widget-image img{vertical-align:middle;display:inline-block}<\/style>\t\t\t\t\t\t\t\t\t\t\t\t<img decoding=\"async\" width=\"689\" height=\"565\" src=\"https:\/\/horizonbiyokimya.com\/wp-content\/uploads\/2022\/08\/large-office-buildings-1.png\" class=\"attachment-large size-large\" alt=\"\" loading=\"lazy\" srcset=\"https:\/\/horizonbiyokimya.com\/wp-content\/uploads\/2022\/08\/large-office-buildings-1.png 689w, https:\/\/horizonbiyokimya.com\/wp-content\/uploads\/2022\/08\/large-office-buildings-1-300x246.png 300w\" sizes=\"(max-width: 689px) 100vw, 689px\" \/>\t\t\t\t\t\t\t\t\t\t\t\t\t\t\t<\/div>\n\t\t\t\t<\/div>\n\t\t\t\t\t<\/div>\n\t\t<\/div>\n\t\t\t\t\t\t\t<\/div>\n\t\t<\/section>\n\t\t\t\t\t\t\t<\/div>","protected":false},"excerpt":{"rendered":"<p>Horizon Biyokimya \u00c7evre Sa\u011fl\u0131\u011f\u0131 ve G\u00fcvenli\u011fi SIFIR ATIK POL\u0130T\u0130KASI \u0130LE \u00c7ALI\u015eIYOR, D\u00dcNYAYA KAR\u015eI SORUMLULUKLARIMIZI YER\u0130NE GET\u0130R\u0130YORUZ. S\u0131f\u0131r at\u0131k politikas\u0131 ile ya\u015fad\u0131\u011f\u0131m\u0131z d\u00fcnyaya kar\u015f\u0131 sorumluluklar\u0131m\u0131z\u0131 da severek yerine getirmekteyiz. Bu politikam\u0131z sayesinde \u00fcretim s\u00fcrecimizde do\u011faya hi\u00e7bir \u015fekilde zararl\u0131 at\u0131k salm\u0131yoruz. \u00dcretim tesislerimizde kulland\u0131\u011f\u0131m\u0131z g\u00fcne\u015f enerji panelleri ile kendi enerjimizi kendimiz \u00fcretiyoruz. \u00dcr\u00fcnlerimizin vegan olmas\u0131 sayesinde hem [&hellip;]<\/p>","protected":false},"author":1,"featured_media":0,"parent":0,"menu_order":0,"comment_status":"closed","ping_status":"closed","template":"","meta":[],"yoast_head":"<!-- This site is optimized with the Yoast SEO plugin v19.5.1 - https:\/\/yoast.com\/wordpress\/plugins\/seo\/ -->\n<title>Neden Biz? - Horizon Biyokimya<\/title>\n<meta name=\"robots\" content=\"index, follow, max-snippet:-1, max-image-preview:large, max-video-preview:-1\" \/>\n<link rel=\"canonical\" href=\"https:\/\/horizonbiyokimya.com\/en\/neden-biz\/\" \/>\n<meta property=\"og:locale\" content=\"en_US\" \/>\n<meta property=\"og:type\" content=\"article\" \/>\n<meta property=\"og:title\" content=\"Neden Biz? - Horizon Biyokimya\" \/>\n<meta property=\"og:description\" content=\"Horizon Biyokimya \u00c7evre Sa\u011fl\u0131\u011f\u0131 ve G\u00fcvenli\u011fi SIFIR ATIK POL\u0130T\u0130KASI \u0130LE \u00c7ALI\u015eIYOR, D\u00dcNYAYA KAR\u015eI SORUMLULUKLARIMIZI YER\u0130NE GET\u0130R\u0130YORUZ. S\u0131f\u0131r at\u0131k politikas\u0131 ile ya\u015fad\u0131\u011f\u0131m\u0131z d\u00fcnyaya kar\u015f\u0131 sorumluluklar\u0131m\u0131z\u0131 da severek yerine getirmekteyiz. Bu politikam\u0131z sayesinde \u00fcretim s\u00fcrecimizde do\u011faya hi\u00e7bir \u015fekilde zararl\u0131 at\u0131k salm\u0131yoruz. \u00dcretim tesislerimizde kulland\u0131\u011f\u0131m\u0131z g\u00fcne\u015f enerji panelleri ile kendi enerjimizi kendimiz \u00fcretiyoruz. \u00dcr\u00fcnlerimizin vegan olmas\u0131 sayesinde hem [&hellip;]\" \/>\n<meta property=\"og:url\" content=\"https:\/\/horizonbiyokimya.com\/en\/neden-biz\/\" \/>\n<meta property=\"og:site_name\" content=\"Horizon Biyokimya\" \/>\n<meta property=\"article:modified_time\" content=\"2022-09-30T15:02:24+00:00\" \/>\n<meta property=\"og:image\" content=\"https:\/\/horizonbiyokimya.com\/wp-content\/uploads\/2022\/08\/large-office-buildings-1.png\" \/>\n<meta name=\"twitter:card\" content=\"summary_large_image\" \/>\n<meta name=\"twitter:label1\" content=\"Est. reading time\" \/>\n\t<meta name=\"twitter:data1\" content=\"1 minute\" \/>\n<script type=\"application\/ld+json\" class=\"yoast-schema-graph\">{\"@context\":\"https:\/\/schema.org\",\"@graph\":[{\"@type\":\"WebPage\",\"@id\":\"https:\/\/horizonbiyokimya.com\/neden-biz\/\",\"url\":\"https:\/\/horizonbiyokimya.com\/neden-biz\/\",\"name\":\"Neden Biz? - Horizon Biyokimya\",\"isPartOf\":{\"@id\":\"https:\/\/horizonbiyokimya.com\/#website\"},\"datePublished\":\"2022-08-18T14:04:56+00:00\",\"dateModified\":\"2022-09-30T15:02:24+00:00\",\"breadcrumb\":{\"@id\":\"https:\/\/horizonbiyokimya.com\/neden-biz\/#breadcrumb\"},\"inLanguage\":\"en-US\",\"potentialAction\":[{\"@type\":\"ReadAction\",\"target\":[\"https:\/\/horizonbiyokimya.com\/neden-biz\/\"]}]},{\"@type\":\"BreadcrumbList\",\"@id\":\"https:\/\/horizonbiyokimya.com\/neden-biz\/#breadcrumb\",\"itemListElement\":[{\"@type\":\"ListItem\",\"position\":1,\"name\":\"Anasayfa\",\"item\":\"https:\/\/horizonbiyokimya.com\/\"},{\"@type\":\"ListItem\",\"position\":2,\"name\":\"Neden Biz?\"}]},{\"@type\":\"WebSite\",\"@id\":\"https:\/\/horizonbiyokimya.com\/#website\",\"url\":\"https:\/\/horizonbiyokimya.com\/\",\"name\":\"Horizon Biyokimya\",\"description\":\"Chemistry for Good\",\"publisher\":{\"@id\":\"https:\/\/horizonbiyokimya.com\/#organization\"},\"potentialAction\":[{\"@type\":\"SearchAction\",\"target\":{\"@type\":\"EntryPoint\",\"urlTemplate\":\"https:\/\/horizonbiyokimya.com\/?s={search_term_string}\"},\"query-input\":\"required name=search_term_string\"}],\"inLanguage\":\"en-US\"},{\"@type\":\"Organization\",\"@id\":\"https:\/\/horizonbiyokimya.com\/#organization\",\"name\":\"Horizon Biyokimya\",\"url\":\"https:\/\/horizonbiyokimya.com\/\",\"sameAs\":[],\"logo\":{\"@type\":\"ImageObject\",\"inLanguage\":\"en-US\",\"@id\":\"https:\/\/horizonbiyokimya.com\/#\/schema\/logo\/image\/\",\"url\":\"https:\/\/horizonbiyokimya.com\/wp-content\/uploads\/2022\/09\/horizon-biyokimya-logo.png\",\"contentUrl\":\"https:\/\/horizonbiyokimya.com\/wp-content\/uploads\/2022\/09\/horizon-biyokimya-logo.png\",\"width\":323,\"height\":150,\"caption\":\"Horizon Biyokimya\"},\"image\":{\"@id\":\"https:\/\/horizonbiyokimya.com\/#\/schema\/logo\/image\/\"}}]}<\/script>\n<!-- \/ Yoast SEO plugin. -->","yoast_head_json":{"title":"Neden Biz? - Horizon Biyokimya","robots":{"index":"index","follow":"follow","max-snippet":"max-snippet:-1","max-image-preview":"max-image-preview:large","max-video-preview":"max-video-preview:-1"},"canonical":"https:\/\/horizonbiyokimya.com\/en\/neden-biz\/","og_locale":"en_US","og_type":"article","og_title":"Neden Biz? - Horizon Biyokimya","og_description":"Horizon Biyokimya \u00c7evre Sa\u011fl\u0131\u011f\u0131 ve G\u00fcvenli\u011fi SIFIR ATIK POL\u0130T\u0130KASI \u0130LE \u00c7ALI\u015eIYOR, D\u00dcNYAYA KAR\u015eI SORUMLULUKLARIMIZI YER\u0130NE GET\u0130R\u0130YORUZ. S\u0131f\u0131r at\u0131k politikas\u0131 ile ya\u015fad\u0131\u011f\u0131m\u0131z d\u00fcnyaya kar\u015f\u0131 sorumluluklar\u0131m\u0131z\u0131 da severek yerine getirmekteyiz. Bu politikam\u0131z sayesinde \u00fcretim s\u00fcrecimizde do\u011faya hi\u00e7bir \u015fekilde zararl\u0131 at\u0131k salm\u0131yoruz. \u00dcretim tesislerimizde kulland\u0131\u011f\u0131m\u0131z g\u00fcne\u015f enerji panelleri ile kendi enerjimizi kendimiz \u00fcretiyoruz. \u00dcr\u00fcnlerimizin vegan olmas\u0131 sayesinde hem [&hellip;]","og_url":"https:\/\/horizonbiyokimya.com\/en\/neden-biz\/","og_site_name":"Horizon Biyokimya","article_modified_time":"2022-09-30T15:02:24+00:00","og_image":[{"url":"https:\/\/horizonbiyokimya.com\/wp-content\/uploads\/2022\/08\/large-office-buildings-1.png"}],"twitter_card":"summary_large_image","twitter_misc":{"Est. reading time":"1 minute"},"schema":{"@context":"https:\/\/schema.org","@graph":[{"@type":"WebPage","@id":"https:\/\/horizonbiyokimya.com\/neden-biz\/","url":"https:\/\/horizonbiyokimya.com\/neden-biz\/","name":"Neden Biz? - Horizon Biyokimya","isPartOf":{"@id":"https:\/\/horizonbiyokimya.com\/#website"},"datePublished":"2022-08-18T14:04:56+00:00","dateModified":"2022-09-30T15:02:24+00:00","breadcrumb":{"@id":"https:\/\/horizonbiyokimya.com\/neden-biz\/#breadcrumb"},"inLanguage":"en-US","potentialAction":[{"@type":"ReadAction","target":["https:\/\/horizonbiyokimya.com\/neden-biz\/"]}]},{"@type":"BreadcrumbList","@id":"https:\/\/horizonbiyokimya.com\/neden-biz\/#breadcrumb","itemListElement":[{"@type":"ListItem","position":1,"name":"Anasayfa","item":"https:\/\/horizonbiyokimya.com\/"},{"@type":"ListItem","position":2,"name":"Neden Biz?"}]},{"@type":"WebSite","@id":"https:\/\/horizonbiyokimya.com\/#website","url":"https:\/\/horizonbiyokimya.com\/","name":"Horizon Biyokimya","description":"Chemistry for Good","publisher":{"@id":"https:\/\/horizonbiyokimya.com\/#organization"},"potentialAction":[{"@type":"SearchAction","target":{"@type":"EntryPoint","urlTemplate":"https:\/\/horizonbiyokimya.com\/?s={search_term_string}"},"query-input":"required name=search_term_string"}],"inLanguage":"en-US"},{"@type":"Organization","@id":"https:\/\/horizonbiyokimya.com\/#organization","name":"Horizon Biyokimya","url":"https:\/\/horizonbiyokimya.com\/","sameAs":[],"logo":{"@type":"ImageObject","inLanguage":"en-US","@id":"https:\/\/horizonbiyokimya.com\/#\/schema\/logo\/image\/","url":"https:\/\/horizonbiyokimya.com\/wp-content\/uploads\/2022\/09\/horizon-biyokimya-logo.png","contentUrl":"https:\/\/horizonbiyokimya.com\/wp-content\/uploads\/2022\/09\/horizon-biyokimya-logo.png","width":323,"height":150,"caption":"Horizon Biyokimya"},"image":{"@id":"https:\/\/horizonbiyokimya.com\/#\/schema\/logo\/image\/"}}]}},"_links":{"self":[{"href":"https:\/\/horizonbiyokimya.com\/en\/wp-json\/wp\/v2\/pages\/403"}],"collection":[{"href":"https:\/\/horizonbiyokimya.com\/en\/wp-json\/wp\/v2\/pages"}],"about":[{"href":"https:\/\/horizonbiyokimya.com\/en\/wp-json\/wp\/v2\/types\/page"}],"author":[{"embeddable":true,"href":"https:\/\/horizonbiyokimya.com\/en\/wp-json\/wp\/v2\/users\/1"}],"replies":[{"embeddable":true,"href":"https:\/\/horizonbiyokimya.com\/en\/wp-json\/wp\/v2\/comments?post=403"}],"version-history":[{"count":14,"href":"https:\/\/horizonbiyokimya.com\/en\/wp-json\/wp\/v2\/pages\/403\/revisions"}],"predecessor-version":[{"id":837,"href":"https:\/\/horizonbiyokimya.com\/en\/wp-json\/wp\/v2\/pages\/403\/revisions\/837"}],"wp:attachment":[{"href":"https:\/\/horizonbiyokimya.com\/en\/wp-json\/wp\/v2\/media?parent=403"}],"curies":[{"name":"wp","href":"https:\/\/api.w.org\/{rel}","templated":true}]}}